{"id":392,"date":"2021-10-28T12:37:54","date_gmt":"2021-10-28T10:37:54","guid":{"rendered":"http:\/\/labrigadedeco.fr\/?page_id=392"},"modified":"2021-10-28T14:38:12","modified_gmt":"2021-10-28T12:38:12","slug":"contact","status":"publish","type":"page","link":"https:\/\/labrigadedeco.fr\/index.php\/contact\/","title":{"rendered":"Contact"},"content":{"rendered":"<div class='fluentform fluentform_wrapper_3'><form data-form_id=\"3\" id=\"fluentform_3\" class=\"frm-fluent-form fluent_form_3 ff-el-form-top ff_form_instance_3_1 ff-form-loading\" data-form_instance=\"ff_form_instance_3_1\" method=\"POST\" ><input type='hidden' name='__fluent_form_embded_post_id' value='392' \/><input type=\"hidden\" id=\"_fluentform_3_fluentformnonce\" name=\"_fluentform_3_fluentformnonce\" value=\"ad41e72acf\" \/><input type=\"hidden\" name=\"_wp_http_referer\" value=\"\/index.php\/wp-json\/wp\/v2\/pages\/392\" \/><div class=\"ff-el-group ff-el-section-break  ff_left\" data-name=\"section_break-3_1\" ><h3 class='ff-el-section-title'>Informations vous concernant<\/h3><div class='ff-section_break_desk'><p>Nous avons besoin de ces informations pour pouvoir vous recontacter.<\/p><\/div><hr \/><\/div><div class='ff-el-group'><div class='ff-el-input--label ff-el-is-required asterisk-right'><label for='ff_3_dropdown'>Statut<\/label> <\/div><div class='ff-el-input--content'><select name=\"dropdown\" id=\"ff_3_dropdown\" class=\"ff-el-form-control\" data-name=\"dropdown\" data-calc_value=\"0\" ><option value=\"\">Merci de choisir un statut<\/option><option value=\"Particulier\"  >Particulier<\/option><option value=\"Entreprise\"  >Entreprise<\/option><\/select><\/div><\/div><div data-name=\"ff_cn_id_1\"  class='ff-t-container ff-column-container ff_columns_total_1  has-conditions '><div class='ff-t-cell ff-t-column-1'><div data-type=\"name-element\" data-name=\"names\" class=\" ff-field_container ff-name-field-wrapper\" ><div class='ff-t-container'><div class='ff-t-cell '><div class='ff-el-group  ff-el-form-top'><div class='ff-el-input--label ff-el-is-required asterisk-right'><label for='ff_3_names_first_name_'>Pr\u00e9nom<\/label> <\/div><div class='ff-el-input--content'><input type=\"text\" name=\"names[first_name]\" id=\"ff_3_names_first_name_\" class=\"ff-el-form-control\" placeholder=\"Pr\u00e9nom\" ><\/div><\/div><\/div><div class='ff-t-cell '><div class='ff-el-group  ff-el-form-top'><div class='ff-el-input--label ff-el-is-required asterisk-right'><label for='ff_3_names_last_name_'>Nom de famille<\/label> <\/div><div class='ff-el-input--content'><input type=\"text\" name=\"names[last_name]\" id=\"ff_3_names_last_name_\" class=\"ff-el-form-control\" placeholder=\"Nom de famille\" ><\/div><\/div><\/div><\/div><\/div><div class='ff-el-group'><div class='ff-el-input--label ff-el-is-required asterisk-right'><label for='ff_3_email'>E-mail<\/label> <\/div><div class='ff-el-input--content'><input type=\"email\" name=\"email\" id=\"ff_3_email\" class=\"ff-el-form-control\" placeholder=\"Adresse mail\" data-name=\"email\" ><\/div><\/div><div class='ff-el-group'><div class='ff-el-input--label asterisk-right'><label for='ff_3_input_text'>T\u00e9l\u00e9phone<\/label> <\/div><div class='ff-el-input--content'><input type=\"text\" name=\"input_text\" class=\"ff-el-form-control\" data-name=\"input_text\" id=\"ff_3_input_text\" ><\/div><\/div><\/div><\/div><div data-name=\"ff_cn_id_2\"  class='ff-t-container ff-column-container ff_columns_total_1  has-conditions '><div class='ff-t-cell ff-t-column-1'><div class='ff-el-group'><div class='ff-el-input--label ff-el-is-required asterisk-right'><label for='ff_3_input_text_1'>Nom de l'Entreprise<\/label> <\/div><div class='ff-el-input--content'><input type=\"text\" name=\"input_text_1\" class=\"ff-el-form-control\" data-name=\"input_text_1\" id=\"ff_3_input_text_1\" ><\/div><\/div><div class='ff-el-group'><div class='ff-el-input--label ff-el-is-required asterisk-right'><label for='ff_3_email_1'>E-mail de contact<\/label> <\/div><div class='ff-el-input--content'><input type=\"email\" name=\"email_1\" id=\"ff_3_email_1\" class=\"ff-el-form-control\" placeholder=\"Adresse mail\" data-name=\"email_1\" ><\/div><\/div><\/div><\/div><div data-name=\"ff_cn_id_3\"  class='ff-t-container ff-column-container ff_columns_total_1  has-conditions '><div class='ff-t-cell ff-t-column-1'><div class=\"ff-el-group ff-el-section-break  ff_left\" data-name=\"section_break-3_2\" ><h3 class='ff-el-section-title'>Votre projet<\/h3><div class='ff-section_break_desk'><p>Merci de pr\u00e9ciser votre projet<\/p><\/div><hr \/><\/div><div class='ff-el-group ff-el-form-hide_label'><div class='ff-el-input--content'><textarea name=\"description\" id=\"ff_3_description\" class=\"ff-el-form-control\" rows=\"4\" cols=\"2\" data-name=\"description\" ><\/textarea><\/div><\/div><div class='ff-el-group    ff-el-input--content'><div class='ff-el-form-check ff-el-tc'><label class='ff-el-form-check-label ff_tc_label' for=gdpr-agreement_8bf5ccffaf4f4df71c6f2021fcc66da0><span class='ff_tc_checkbox'><input type=\"checkbox\" name=\"gdpr-agreement\" class=\"ff-el-form-check-input ff_gdpr_field\" data-name=\"gdpr-agreement\" id=\"gdpr-agreement_8bf5ccffaf4f4df71c6f2021fcc66da0\"  value='on'><\/span> <div class='ff_t_c'>Je consens \u00e0 ce que ce site stocke les informations que j\u2019ai envoy\u00e9es afin de pouvoir r\u00e9pondre \u00e0 ma demande.<\/div><\/label><\/div><\/div><\/div><\/div><div data-name=\"ff_cn_id_4\"  class='ff-t-container ff-column-container ff_columns_total_1  has-conditions '><div class='ff-t-cell ff-t-column-1'><div class=\"ff-el-group ff-el-section-break  ff_left\" ><h3 class='ff-el-section-title'>Votre projet<\/h3><div class='ff-section_break_desk'><p>Merci de pr\u00e9ciser votre projet<\/p><\/div><hr \/><\/div><div class='ff-el-group ff-el-form-hide_label'><div class='ff-el-input--content'><textarea name=\"description_1\" id=\"ff_3_description_1\" class=\"ff-el-form-control\" rows=\"4\" cols=\"2\" data-name=\"description_1\" ><\/textarea><\/div><\/div><div class='ff-el-group    ff-el-input--content'><div class='ff-el-form-check ff-el-tc'><label class='ff-el-form-check-label ff_tc_label' for=gdpr-agreement_1_b8f17a61f46d21915d3d57ec717b59e0><span class='ff_tc_checkbox'><input type=\"checkbox\" name=\"gdpr-agreement_1\" class=\"ff-el-form-check-input ff_gdpr_field\" data-name=\"gdpr-agreement_1\" id=\"gdpr-agreement_1_b8f17a61f46d21915d3d57ec717b59e0\"  value='on'><\/span> <div class='ff_t_c'>Je consens \u00e0 ce que ce site stocke les informations que j\u2019ai envoy\u00e9es afin de pouvoir r\u00e9pondre \u00e0 ma demande.<\/div><\/label><\/div><\/div><\/div><\/div><div class='ff-el-group ff-text-center ff_submit_btn_wrapper'><button type=\"submit\" class=\"ff-btn ff-btn-submit ff-btn-lg ff_btn_style\" >Envoyer la demande<\/button><\/div><\/form><div id='fluentform_3_errors' class='ff-errors-in-stack ff_form_instance_3_1 ff-form-loading_errors ff_form_instance_3_1_errors'><\/div><\/div>        <script type=\"text\/javascript\">\n            window.fluent_form_ff_form_instance_3_1 = {\"id\":\"3\",\"settings\":{\"layout\":{\"labelPlacement\":\"top\",\"helpMessagePlacement\":\"with_label\",\"errorMessagePlacement\":\"inline\",\"asteriskPlacement\":\"asterisk-right\"},\"restrictions\":{\"denyEmptySubmission\":{\"enabled\":false}}},\"form_instance\":\"ff_form_instance_3_1\",\"form_id_selector\":\"fluentform_3\",\"rules\":{\"dropdown\":{\"required\":{\"value\":true,\"message\":\"Ce champ est requis\"}},\"names[first_name]\":{\"required\":{\"value\":true,\"message\":\"Ce champ est requis\"}},\"names[middle_name]\":{\"required\":{\"value\":false,\"message\":\"Ce champ est requis\"}},\"names[last_name]\":{\"required\":{\"value\":true,\"message\":\"Ce champ est requis\"}},\"email\":{\"required\":{\"value\":true,\"message\":\"Ce champ est requis\"},\"email\":{\"value\":true,\"message\":\"Ce champ doit contenir un e-mail valide\"}},\"input_text\":{\"required\":{\"value\":false,\"message\":\"Ce champ est requis\"}},\"input_text_1\":{\"required\":{\"value\":true,\"message\":\"Ce champ est requis\"}},\"email_1\":{\"required\":{\"value\":true,\"message\":\"Ce champ est requis\"},\"email\":{\"value\":true,\"message\":\"Ce champ doit contenir un e-mail valide\"}},\"description\":{\"required\":{\"value\":true,\"message\":\"Ce champ est requis\"}},\"gdpr-agreement\":{\"required\":{\"value\":true,\"message\":\"Ce champ est requis\"}},\"description_1\":{\"required\":{\"value\":true,\"message\":\"Ce champ est requis\"}},\"gdpr-agreement_1\":{\"required\":{\"value\":true,\"message\":\"Ce champ est requis\"}}},\"conditionals\":{\"ff_cn_id_1\":{\"type\":\"any\",\"status\":true,\"conditions\":[{\"field\":\"dropdown\",\"value\":\"Particulier\",\"operator\":\"=\"}]},\"names\":{\"conditions\":[],\"status\":false,\"type\":\"any\",\"container_condition\":{\"type\":\"any\",\"status\":true,\"conditions\":[{\"field\":\"dropdown\",\"value\":\"Particulier\",\"operator\":\"=\"}]}},\"email\":{\"conditions\":[],\"status\":false,\"type\":\"any\",\"container_condition\":{\"type\":\"any\",\"status\":true,\"conditions\":[{\"field\":\"dropdown\",\"value\":\"Particulier\",\"operator\":\"=\"}]}},\"input_text\":{\"conditions\":[],\"status\":false,\"type\":\"any\",\"container_condition\":{\"type\":\"any\",\"status\":true,\"conditions\":[{\"field\":\"dropdown\",\"value\":\"Particulier\",\"operator\":\"=\"}]}},\"ff_cn_id_2\":{\"type\":\"any\",\"status\":true,\"conditions\":[{\"field\":\"dropdown\",\"value\":\"Entreprise\",\"operator\":\"=\"}]},\"input_text_1\":{\"conditions\":[],\"status\":false,\"type\":\"any\",\"container_condition\":{\"type\":\"any\",\"status\":true,\"conditions\":[{\"field\":\"dropdown\",\"value\":\"Entreprise\",\"operator\":\"=\"}]}},\"email_1\":{\"conditions\":[],\"status\":false,\"type\":\"any\",\"container_condition\":{\"type\":\"any\",\"status\":true,\"conditions\":[{\"field\":\"dropdown\",\"value\":\"Entreprise\",\"operator\":\"=\"}]}},\"ff_cn_id_3\":{\"type\":\"all\",\"status\":true,\"conditions\":[{\"field\":\"names[first_name]\",\"value\":\"\",\"operator\":\"!=\"},{\"field\":\"names[last_name]\",\"value\":\"\",\"operator\":\"!=\"},{\"field\":\"email\",\"value\":\"\",\"operator\":\"!=\"}]},\"section_break-3_2\":{\"conditions\":[],\"status\":false,\"type\":\"any\",\"container_condition\":{\"type\":\"all\",\"status\":true,\"conditions\":[{\"field\":\"names[first_name]\",\"value\":\"\",\"operator\":\"!=\"},{\"field\":\"names[last_name]\",\"value\":\"\",\"operator\":\"!=\"},{\"field\":\"email\",\"value\":\"\",\"operator\":\"!=\"}]}},\"description\":{\"conditions\":[],\"status\":false,\"type\":\"any\",\"container_condition\":{\"type\":\"all\",\"status\":true,\"conditions\":[{\"field\":\"names[first_name]\",\"value\":\"\",\"operator\":\"!=\"},{\"field\":\"names[last_name]\",\"value\":\"\",\"operator\":\"!=\"},{\"field\":\"email\",\"value\":\"\",\"operator\":\"!=\"}]}},\"gdpr-agreement\":{\"conditions\":[],\"status\":false,\"type\":\"any\",\"container_condition\":{\"type\":\"all\",\"status\":true,\"conditions\":[{\"field\":\"names[first_name]\",\"value\":\"\",\"operator\":\"!=\"},{\"field\":\"names[last_name]\",\"value\":\"\",\"operator\":\"!=\"},{\"field\":\"email\",\"value\":\"\",\"operator\":\"!=\"}]}},\"ff_cn_id_4\":{\"type\":\"all\",\"status\":true,\"conditions\":[{\"field\":\"input_text_1\",\"value\":\"\",\"operator\":\"!=\"},{\"field\":\"email_1\",\"value\":\"\",\"operator\":\"!=\"}]},\"\":{\"conditions\":[],\"status\":false,\"type\":\"any\",\"container_condition\":{\"type\":\"all\",\"status\":true,\"conditions\":[{\"field\":\"input_text_1\",\"value\":\"\",\"operator\":\"!=\"},{\"field\":\"email_1\",\"value\":\"\",\"operator\":\"!=\"}]}},\"description_1\":{\"conditions\":[],\"status\":false,\"type\":\"any\",\"container_condition\":{\"type\":\"all\",\"status\":true,\"conditions\":[{\"field\":\"input_text_1\",\"value\":\"\",\"operator\":\"!=\"},{\"field\":\"email_1\",\"value\":\"\",\"operator\":\"!=\"}]}},\"gdpr-agreement_1\":{\"conditions\":[],\"status\":false,\"type\":\"any\",\"container_condition\":{\"type\":\"all\",\"status\":true,\"conditions\":[{\"field\":\"input_text_1\",\"value\":\"\",\"operator\":\"!=\"},{\"field\":\"email_1\",\"value\":\"\",\"operator\":\"!=\"}]}}}};\n                    <\/script>\n        \n\n\n\n<p><\/p>\n","protected":false},"excerpt":{"rendered":"","protected":false},"author":1,"featured_media":0,"parent":0,"menu_order":0,"comment_status":"closed","ping_status":"closed","template":"","meta":[],"_links":{"self":[{"href":"https:\/\/labrigadedeco.fr\/index.php\/wp-json\/wp\/v2\/pages\/392"}],"collection":[{"href":"https:\/\/labrigadedeco.fr\/index.php\/wp-json\/wp\/v2\/pages"}],"about":[{"href":"https:\/\/labrigadedeco.fr\/index.php\/wp-json\/wp\/v2\/types\/page"}],"author":[{"embeddable":true,"href":"https:\/\/labrigadedeco.fr\/index.php\/wp-json\/wp\/v2\/users\/1"}],"replies":[{"embeddable":true,"href":"https:\/\/labrigadedeco.fr\/index.php\/wp-json\/wp\/v2\/comments?post=392"}],"version-history":[{"count":3,"href":"https:\/\/labrigadedeco.fr\/index.php\/wp-json\/wp\/v2\/pages\/392\/revisions"}],"predecessor-version":[{"id":416,"href":"https:\/\/labrigadedeco.fr\/index.php\/wp-json\/wp\/v2\/pages\/392\/revisions\/416"}],"wp:attachment":[{"href":"https:\/\/labrigadedeco.fr\/index.php\/wp-json\/wp\/v2\/media?parent=392"}],"curies":[{"name":"wp","href":"https:\/\/api.w.org\/{rel}","templated":true}]}}