{"id":464,"date":"2021-10-28T16:48:15","date_gmt":"2021-10-28T14:48:15","guid":{"rendered":"http:\/\/labrigadedeco.fr\/?page_id=464"},"modified":"2021-10-29T11:15:57","modified_gmt":"2021-10-29T09:15:57","slug":"renovation","status":"publish","type":"page","link":"https:\/\/labrigadedeco.fr\/index.php\/renovation\/","title":{"rendered":""},"content":{"rendered":"\n<div id=\"athemes-blocks-block-2e46e7dc\" class=\"wp-block-athemes-athemes-blocks-block-container athemes-blocks-block athemes-blocks-block-2e46e7dc athemes-blocks-block-container alignundefined\"><div class=\"athemes-blocks-block-container-wrapper athemes-blocks-block-container-bg-cover athemes-blocks-block-container-bg-effect-scroll\"><div class=\"athemes-blocks-block-container-wrapper-content\">\n<h2 class=\"alignfull has-text-align-center\">Nos r\u00e9novations<\/h2>\n\n\n\n<p class=\"has-text-align-center\" style=\"font-size:15px\">d\u00e9couvrez quelques exemples de nos travaux<\/p>\n<\/div><\/div><\/div>\n\n\n\n<div class=\"wp-block-media-text alignwide is-stacked-on-mobile is-image-fill\" style=\"grid-template-columns:40% auto\"><figure class=\"wp-block-media-text__media\" style=\"background-image:url(https:\/\/labrigadedeco.fr\/wp-content\/uploads\/2021\/10\/IMG_0998-1024x768.png);background-position:38% 43%\"><img loading=\"lazy\" width=\"1024\" height=\"768\" src=\"https:\/\/labrigadedeco.fr\/wp-content\/uploads\/2021\/10\/IMG_0998-1024x768.png\" alt=\"\" class=\"wp-image-437 size-full\" srcset=\"https:\/\/labrigadedeco.fr\/wp-content\/uploads\/2021\/10\/IMG_0998-1024x768.png 1024w, https:\/\/labrigadedeco.fr\/wp-content\/uploads\/2021\/10\/IMG_0998-300x225.png 300w, https:\/\/labrigadedeco.fr\/wp-content\/uploads\/2021\/10\/IMG_0998-768x576.png 768w, https:\/\/labrigadedeco.fr\/wp-content\/uploads\/2021\/10\/IMG_0998-1536x1152.png 1536w, https:\/\/labrigadedeco.fr\/wp-content\/uploads\/2021\/10\/IMG_0998-2048x1536.png 2048w, https:\/\/labrigadedeco.fr\/wp-content\/uploads\/2021\/10\/IMG_0998-1140x855.png 1140w, https:\/\/labrigadedeco.fr\/wp-content\/uploads\/2021\/10\/IMG_0998-920x690.png 920w, https:\/\/labrigadedeco.fr\/wp-content\/uploads\/2021\/10\/IMG_0998-380x285.png 380w\" sizes=\"(max-width: 1024px) 100vw, 1024px\" \/><\/figure><div class=\"wp-block-media-text__content\">\n<h2 class=\"has-text-align-center\">R\u00e9alisation d&#8217;une fa\u00e7ade de magasin<\/h2>\n<\/div><\/div>\n\n\n\n<div id=\"athemes-blocks-block-c39ef13a\" class=\"wp-block-athemes-athemes-blocks-block-container athemes-blocks-block athemes-blocks-block-c39ef13a athemes-blocks-block-container alignfull\"><div class=\"athemes-blocks-block-container-wrapper athemes-blocks-block-container-bg-cover athemes-blocks-block-container-bg-effect-scroll\"><div class=\"athemes-blocks-block-container-wrapper-content\">\n<div style=\"height:40px\" aria-hidden=\"true\" class=\"wp-block-spacer\"><\/div>\n\n\n\n<h2 class=\"alignfull has-text-align-center has-extra-large-font-size\">D\u00e9couvrez nos r\u00e9novations les plus r\u00e9centes..<\/h2>\n\n\n\n<div style=\"height:10px\" aria-hidden=\"true\" class=\"wp-block-spacer\"><\/div>\n<\/div><\/div><\/div>\n\n\n<div class=\"pt-cv-wrapper\"><div class=\"pt-cv-view pt-cv-grid pt-cv-colsys\" id=\"pt-cv-view-e83a4c8jou\"><div data-id=\"pt-cv-page-1\" class=\"pt-cv-page\" data-cvc=\"3\"><div class=\"col-md-4 col-sm-6 col-xs-12 pt-cv-content-item pt-cv-1-col\" ><div class='pt-cv-ifield'><a href=\"https:\/\/labrigadedeco.fr\/index.php\/2021\/10\/29\/facade-mlle-cabestan-3\/\" class=\"_self pt-cv-href-thumbnail pt-cv-thumb-default\" target=\"_self\" ><img width=\"300\" height=\"225\" src=\"https:\/\/labrigadedeco.fr\/wp-content\/uploads\/2021\/10\/IMG_0999-300x225.png\" class=\"pt-cv-thumbnail\" alt=\"\" loading=\"lazy\" srcset=\"https:\/\/labrigadedeco.fr\/wp-content\/uploads\/2021\/10\/IMG_0999-300x225.png 300w, https:\/\/labrigadedeco.fr\/wp-content\/uploads\/2021\/10\/IMG_0999-1024x768.png 1024w, https:\/\/labrigadedeco.fr\/wp-content\/uploads\/2021\/10\/IMG_0999-768x576.png 768w, https:\/\/labrigadedeco.fr\/wp-content\/uploads\/2021\/10\/IMG_0999-1536x1152.png 1536w, https:\/\/labrigadedeco.fr\/wp-content\/uploads\/2021\/10\/IMG_0999-2048x1536.png 2048w, https:\/\/labrigadedeco.fr\/wp-content\/uploads\/2021\/10\/IMG_0999-1140x855.png 1140w, https:\/\/labrigadedeco.fr\/wp-content\/uploads\/2021\/10\/IMG_0999-920x690.png 920w, https:\/\/labrigadedeco.fr\/wp-content\/uploads\/2021\/10\/IMG_0999-380x285.png 380w\" sizes=\"(max-width: 300px) 100vw, 300px\" \/><\/a><\/div><\/div>\n<div class=\"col-md-4 col-sm-6 col-xs-12 pt-cv-content-item pt-cv-1-col\" ><div class='pt-cv-ifield'><a href=\"https:\/\/labrigadedeco.fr\/index.php\/2021\/10\/29\/facade-mlle-cabestan-2\/\" class=\"_self pt-cv-href-thumbnail pt-cv-thumb-default\" target=\"_self\" ><img width=\"300\" height=\"225\" src=\"https:\/\/labrigadedeco.fr\/wp-content\/uploads\/2021\/10\/IMG_0998-300x225.png\" class=\"pt-cv-thumbnail\" alt=\"\" loading=\"lazy\" srcset=\"https:\/\/labrigadedeco.fr\/wp-content\/uploads\/2021\/10\/IMG_0998-300x225.png 300w, https:\/\/labrigadedeco.fr\/wp-content\/uploads\/2021\/10\/IMG_0998-1024x768.png 1024w, https:\/\/labrigadedeco.fr\/wp-content\/uploads\/2021\/10\/IMG_0998-768x576.png 768w, https:\/\/labrigadedeco.fr\/wp-content\/uploads\/2021\/10\/IMG_0998-1536x1152.png 1536w, https:\/\/labrigadedeco.fr\/wp-content\/uploads\/2021\/10\/IMG_0998-2048x1536.png 2048w, https:\/\/labrigadedeco.fr\/wp-content\/uploads\/2021\/10\/IMG_0998-1140x855.png 1140w, https:\/\/labrigadedeco.fr\/wp-content\/uploads\/2021\/10\/IMG_0998-920x690.png 920w, https:\/\/labrigadedeco.fr\/wp-content\/uploads\/2021\/10\/IMG_0998-380x285.png 380w\" sizes=\"(max-width: 300px) 100vw, 300px\" \/><\/a><\/div><\/div>\n<div class=\"col-md-4 col-sm-6 col-xs-12 pt-cv-content-item pt-cv-1-col\" ><div class='pt-cv-ifield'><a href=\"https:\/\/labrigadedeco.fr\/index.php\/2021\/10\/28\/facade-mlle-cabestan\/\" class=\"_self pt-cv-href-thumbnail pt-cv-thumb-default\" target=\"_self\" ><img width=\"300\" height=\"225\" src=\"https:\/\/labrigadedeco.fr\/wp-content\/uploads\/2021\/10\/IMG_1002-300x225.png\" class=\"pt-cv-thumbnail\" alt=\"\" loading=\"lazy\" srcset=\"https:\/\/labrigadedeco.fr\/wp-content\/uploads\/2021\/10\/IMG_1002-300x225.png 300w, https:\/\/labrigadedeco.fr\/wp-content\/uploads\/2021\/10\/IMG_1002-768x576.png 768w, https:\/\/labrigadedeco.fr\/wp-content\/uploads\/2021\/10\/IMG_1002-1000x750.png 1000w, https:\/\/labrigadedeco.fr\/wp-content\/uploads\/2021\/10\/IMG_1002-1536x1152.png 1536w, https:\/\/labrigadedeco.fr\/wp-content\/uploads\/2021\/10\/IMG_1002-2048x1536.png 2048w, https:\/\/labrigadedeco.fr\/wp-content\/uploads\/2021\/10\/IMG_1002-1140x855.png 1140w, https:\/\/labrigadedeco.fr\/wp-content\/uploads\/2021\/10\/IMG_1002-920x690.png 920w, https:\/\/labrigadedeco.fr\/wp-content\/uploads\/2021\/10\/IMG_1002-380x285.png 380w\" sizes=\"(max-width: 300px) 100vw, 300px\" \/><\/a><\/div><\/div><\/div><\/div><\/div>\n\n\n\n<div class=\"wp-block-group\"><div class=\"wp-block-group__inner-container\"><\/div><\/div>\n\n\n\n<p><\/p>\n","protected":false},"excerpt":{"rendered":"<p>R\u00e9alisation d&#8217;une fa\u00e7ade de magasin<\/p>\n","protected":false},"author":1,"featured_media":0,"parent":0,"menu_order":0,"comment_status":"closed","ping_status":"closed","template":"","meta":[],"_links":{"self":[{"href":"https:\/\/labrigadedeco.fr\/index.php\/wp-json\/wp\/v2\/pages\/464"}],"collection":[{"href":"https:\/\/labrigadedeco.fr\/index.php\/wp-json\/wp\/v2\/pages"}],"about":[{"href":"https:\/\/labrigadedeco.fr\/index.php\/wp-json\/wp\/v2\/types\/page"}],"author":[{"embeddable":true,"href":"https:\/\/labrigadedeco.fr\/index.php\/wp-json\/wp\/v2\/users\/1"}],"replies":[{"embeddable":true,"href":"https:\/\/labrigadedeco.fr\/index.php\/wp-json\/wp\/v2\/comments?post=464"}],"version-history":[{"count":49,"href":"https:\/\/labrigadedeco.fr\/index.php\/wp-json\/wp\/v2\/pages\/464\/revisions"}],"predecessor-version":[{"id":606,"href":"https:\/\/labrigadedeco.fr\/index.php\/wp-json\/wp\/v2\/pages\/464\/revisions\/606"}],"wp:attachment":[{"href":"https:\/\/labrigadedeco.fr\/index.php\/wp-json\/wp\/v2\/media?parent=464"}],"curies":[{"name":"wp","href":"https:\/\/api.w.org\/{rel}","templated":true}]}}